{"id":2240,"date":"2023-01-23T22:00:24","date_gmt":"2023-01-23T21:00:24","guid":{"rendered":"https:\/\/www.solarnaelektrana.hr\/?page_id=2240"},"modified":"2023-01-23T22:32:15","modified_gmt":"2023-01-23T21:32:15","slug":"vijek-trajanja-solarnog-sustava","status":"publish","type":"page","link":"https:\/\/www.solarnaelektrana.hr\/?page_id=2240","title":{"rendered":"Vijek trajanja solarnog sustava"},"content":{"rendered":"\t\t<div data-elementor-type=\"wp-page\" data-elementor-id=\"2240\" class=\"elementor elementor-2240\" data-elementor-post-type=\"page\">\n\t\t\t\t\t\t<section class=\"elementor-section elementor-top-section elementor-element elementor-element-1b0a5d33 elementor-section-boxed elementor-section-height-default elementor-section-height-default\" data-id=\"1b0a5d33\" data-element_type=\"section\" data-e-type=\"section\" data-settings=\"{&quot;background_background&quot;:&quot;classic&quot;}\">\n\t\t\t\t\t\t\t<div class=\"elementor-background-overlay\"><\/div>\n\t\t\t\t\t\t\t<div class=\"elementor-container elementor-column-gap-default\">\n\t\t\t\t\t<div class=\"elementor-column elementor-col-100 elementor-top-column elementor-element elementor-element-1f841ba\" data-id=\"1f841ba\" data-element_type=\"column\" data-e-type=\"column\">\n\t\t\t<div class=\"elementor-widget-wrap elementor-element-populated\">\n\t\t\t\t\t\t<div class=\"elementor-element elementor-element-365ba0bd elementor-widget elementor-widget-heading\" data-id=\"365ba0bd\" data-element_type=\"widget\" data-e-type=\"widget\" data-widget_type=\"heading.default\">\n\t\t\t\t<div class=\"elementor-widget-container\">\n\t\t\t\t\t<h1 class=\"elementor-heading-title elementor-size-default\">Prosje\u010dni vijek solarnih panela<\/h1>\t\t\t\t<\/div>\n\t\t\t\t<\/div>\n\t\t\t\t\t<\/div>\n\t\t<\/div>\n\t\t\t\t\t<\/div>\n\t\t<\/section>\n\t\t\t\t<section class=\"elementor-section elementor-top-section elementor-element elementor-element-4d2c9e9 elementor-reverse-mobile elementor-section-boxed elementor-section-height-default elementor-section-height-default\" data-id=\"4d2c9e9\" data-element_type=\"section\" data-e-type=\"section\">\n\t\t\t\t\t\t<div class=\"elementor-container elementor-column-gap-no\">\n\t\t\t\t\t<div class=\"elementor-column elementor-col-50 elementor-top-column elementor-element elementor-element-1148300\" data-id=\"1148300\" data-element_type=\"column\" data-e-type=\"column\">\n\t\t\t<div class=\"elementor-widget-wrap elementor-element-populated\">\n\t\t\t\t\t\t<div class=\"elementor-element elementor-element-f142ca0 elementor-widget elementor-widget-image-box\" data-id=\"f142ca0\" data-element_type=\"widget\" data-e-type=\"widget\" data-widget_type=\"image-box.default\">\n\t\t\t\t<div class=\"elementor-widget-container\">\n\t\t\t\t\t<div class=\"elementor-image-box-wrapper\"><div class=\"elementor-image-box-content\"><span class=\"elementor-image-box-title\">Solarni sustavi<\/span><p class=\"elementor-image-box-description\">Solarni paneli u kombinaciji sa ostalim komponentama sustavam koriste sun\u010devu energiju kako bi je pretvorili u elektri\u010dnu energiju kako je bi krajni korisnik koristio za vlastitu potro\u0161nju. Povrat investicije za prosje\u010dna ku\u0107anstva se kre\u0107e u razmaku od 7 do 9 godina, nakon \u010dega korisnik koristi elektri\u010dnu energiju potpuno besplatno. Osim \u0161to je neograni\u010deni resurs energije, kori\u0161tenje sun\u010deve energije je ekolo\u0161ki prihvatljiva i \u010dista energija.<\/p><\/div><\/div>\t\t\t\t<\/div>\n\t\t\t\t<\/div>\n\t\t\t\t\t<\/div>\n\t\t<\/div>\n\t\t\t\t<div class=\"elementor-column elementor-col-50 elementor-top-column elementor-element elementor-element-7285665\" data-id=\"7285665\" data-element_type=\"column\" data-e-type=\"column\">\n\t\t\t<div class=\"elementor-widget-wrap elementor-element-populated\">\n\t\t\t\t\t\t<div class=\"elementor-element elementor-element-508aa5f0 elementor-widget elementor-widget-image\" data-id=\"508aa5f0\" data-element_type=\"widget\" data-e-type=\"widget\" data-widget_type=\"image.default\">\n\t\t\t\t<div class=\"elementor-widget-container\">\n\t\t\t\t\t\t\t\t\t\t\t\t\t\t\t<img fetchpriority=\"high\" decoding=\"async\" width=\"1024\" height=\"683\" src=\"https:\/\/www.solarnaelektrana.hr\/wp-content\/uploads\/2023\/01\/cost-to-install-solar-panels-1024x683.jpg\" class=\"attachment-large size-large wp-image-2242\" alt=\"\" srcset=\"https:\/\/www.solarnaelektrana.hr\/wp-content\/uploads\/2023\/01\/cost-to-install-solar-panels-1024x683.jpg 1024w, https:\/\/www.solarnaelektrana.hr\/wp-content\/uploads\/2023\/01\/cost-to-install-solar-panels-300x200.jpg 300w, https:\/\/www.solarnaelektrana.hr\/wp-content\/uploads\/2023\/01\/cost-to-install-solar-panels-768x512.jpg 768w, https:\/\/www.solarnaelektrana.hr\/wp-content\/uploads\/2023\/01\/cost-to-install-solar-panels-1536x1024.jpg 1536w, https:\/\/www.solarnaelektrana.hr\/wp-content\/uploads\/2023\/01\/cost-to-install-solar-panels.jpg 1920w\" sizes=\"(max-width: 1024px) 100vw, 1024px\" \/>\t\t\t\t\t\t\t\t\t\t\t\t\t\t\t<\/div>\n\t\t\t\t<\/div>\n\t\t\t\t\t<\/div>\n\t\t<\/div>\n\t\t\t\t\t<\/div>\n\t\t<\/section>\n\t\t\t\t<section class=\"elementor-section elementor-top-section elementor-element elementor-element-9e09982 elementor-section-boxed elementor-section-height-default elementor-section-height-default\" data-id=\"9e09982\" data-element_type=\"section\" data-e-type=\"section\">\n\t\t\t\t\t\t<div class=\"elementor-container elementor-column-gap-no\">\n\t\t\t\t\t<div class=\"elementor-column elementor-col-50 elementor-top-column elementor-element elementor-element-4b9de95\" data-id=\"4b9de95\" data-element_type=\"column\" data-e-type=\"column\">\n\t\t\t<div class=\"elementor-widget-wrap elementor-element-populated\">\n\t\t\t\t\t\t<div class=\"elementor-element elementor-element-1fab74e0 elementor-widget elementor-widget-image\" data-id=\"1fab74e0\" data-element_type=\"widget\" data-e-type=\"widget\" data-widget_type=\"image.default\">\n\t\t\t\t<div class=\"elementor-widget-container\">\n\t\t\t\t\t\t\t\t\t\t\t\t\t\t\t<img decoding=\"async\" width=\"1024\" height=\"683\" src=\"https:\/\/www.solarnaelektrana.hr\/wp-content\/uploads\/2023\/01\/photovoltaic-panels-494417257-adffb9c21f9a4218947a59c9b5e405b2-1024x683.jpg\" class=\"attachment-large size-large wp-image-2243\" alt=\"\" srcset=\"https:\/\/www.solarnaelektrana.hr\/wp-content\/uploads\/2023\/01\/photovoltaic-panels-494417257-adffb9c21f9a4218947a59c9b5e405b2-1024x683.jpg 1024w, https:\/\/www.solarnaelektrana.hr\/wp-content\/uploads\/2023\/01\/photovoltaic-panels-494417257-adffb9c21f9a4218947a59c9b5e405b2-300x200.jpg 300w, https:\/\/www.solarnaelektrana.hr\/wp-content\/uploads\/2023\/01\/photovoltaic-panels-494417257-adffb9c21f9a4218947a59c9b5e405b2-768x512.jpg 768w, https:\/\/www.solarnaelektrana.hr\/wp-content\/uploads\/2023\/01\/photovoltaic-panels-494417257-adffb9c21f9a4218947a59c9b5e405b2.jpg 1500w\" sizes=\"(max-width: 1024px) 100vw, 1024px\" \/>\t\t\t\t\t\t\t\t\t\t\t\t\t\t\t<\/div>\n\t\t\t\t<\/div>\n\t\t\t\t\t<\/div>\n\t\t<\/div>\n\t\t\t\t<div class=\"elementor-column elementor-col-50 elementor-top-column elementor-element elementor-element-ddc17dc\" data-id=\"ddc17dc\" data-element_type=\"column\" data-e-type=\"column\">\n\t\t\t<div class=\"elementor-widget-wrap elementor-element-populated\">\n\t\t\t\t\t\t<div class=\"elementor-element elementor-element-5fd89a9 elementor-widget elementor-widget-image-box\" data-id=\"5fd89a9\" data-element_type=\"widget\" data-e-type=\"widget\" data-widget_type=\"image-box.default\">\n\t\t\t\t<div class=\"elementor-widget-container\">\n\t\t\t\t\t<div class=\"elementor-image-box-wrapper\"><div class=\"elementor-image-box-content\"><span class=\"elementor-image-box-title\">Vijek trajanja solarnih panela<\/span><p class=\"elementor-image-box-description\">Solarni paneli kao i sva oprema sklona je tro\u0161enju i gubitku sposobnosti generiranja energije. Solarni paneli s vremenom trpe pad performansi, kvaliteta solarnih panela uvelike odre\u0111uje vijek trajanja solarnih panela. Veliki postotak proizvo\u0111a\u010da daje garanciju od 20 do 25 godina, ta garancija se uglavnom odnosi na jamstvo linearne snage, kojom proizvo\u0111a\u010d garantira da kroz odre\u0111eni period godine nece do\u0107i do pada snage panela u jamstvu zadanom okviru. Kada govorimo o brojkama onda mo\u017eemo re\u0107 da se nazivna snaga panela degradira u prosjeku 0.5% godi\u0161nje ovisno o debljini filma same \u0107elije.<\/p><\/div><\/div>\t\t\t\t<\/div>\n\t\t\t\t<\/div>\n\t\t\t\t\t<\/div>\n\t\t<\/div>\n\t\t\t\t\t<\/div>\n\t\t<\/section>\n\t\t\t\t<section class=\"elementor-section elementor-top-section elementor-element elementor-element-6027d0f elementor-reverse-mobile elementor-section-boxed elementor-section-height-default elementor-section-height-default\" data-id=\"6027d0f\" data-element_type=\"section\" data-e-type=\"section\">\n\t\t\t\t\t\t<div class=\"elementor-container elementor-column-gap-no\">\n\t\t\t\t\t<div class=\"elementor-column elementor-col-50 elementor-top-column elementor-element elementor-element-355c572\" data-id=\"355c572\" data-element_type=\"column\" data-e-type=\"column\">\n\t\t\t<div class=\"elementor-widget-wrap elementor-element-populated\">\n\t\t\t\t\t\t<div class=\"elementor-element elementor-element-feeaa45 elementor-widget elementor-widget-image-box\" data-id=\"feeaa45\" data-element_type=\"widget\" data-e-type=\"widget\" data-widget_type=\"image-box.default\">\n\t\t\t\t<div class=\"elementor-widget-container\">\n\t\t\t\t\t<div class=\"elementor-image-box-wrapper\"><div class=\"elementor-image-box-content\"><span class=\"elementor-image-box-title\">Utjecaj na produljenje \u017eivotnog vijeka solarnih panela<\/span><p class=\"elementor-image-box-description\">Kada govorimo o odr\u017eavanju solarnih panela onda je to svedeno na minumum, me\u0111utim ukoliko pratimo upute proizvo\u0111a\u010da , kroz dugi niz godina mo\u017eemo direktno utjecati na vijek i u\u010dinkovitost solarnih plo\u010da. Glavni neprijatelji solarnih plo\u010da su vanjski faktori, kao velika koli\u010dina pra\u0161ine, li\u0161\u0107e, samo je dio mogu\u0107ih \u010dimbenika koji mogu skratiti ponajprije u\u010dinkovitost, a onda i sam vijek panela. Redovnim \u010di\u0161\u0107enjem solarnih panela mo\u017eemo direktno utjecati na vijek trajanja. Prilikom \u010di\u0161\u0107enja preporuka je savjetovanje sa proizvo\u0111a\u010dem ili drugom stru\u010dnom osobom , kako bi izbjegli kori\u0161tenje abrazivnih sredstava za \u010di\u0161\u0107enje, te mogu\u0107e o\u0161te\u0107enje solarnih panela a samim time i gubitak jamstva.<\/p><\/div><\/div>\t\t\t\t<\/div>\n\t\t\t\t<\/div>\n\t\t\t\t\t<\/div>\n\t\t<\/div>\n\t\t\t\t<div class=\"elementor-column elementor-col-50 elementor-top-column elementor-element elementor-element-623a32c\" data-id=\"623a32c\" data-element_type=\"column\" data-e-type=\"column\">\n\t\t\t<div class=\"elementor-widget-wrap elementor-element-populated\">\n\t\t\t\t\t\t<div class=\"elementor-element elementor-element-628e670 elementor-widget elementor-widget-image\" data-id=\"628e670\" data-element_type=\"widget\" data-e-type=\"widget\" data-widget_type=\"image.default\">\n\t\t\t\t<div class=\"elementor-widget-container\">\n\t\t\t\t\t\t\t\t\t\t\t\t\t\t\t<img decoding=\"async\" width=\"1024\" height=\"715\" src=\"https:\/\/www.solarnaelektrana.hr\/wp-content\/uploads\/2023\/01\/196-MainBanner-1024x715.jpg\" class=\"attachment-large size-large wp-image-2204\" alt=\"\" srcset=\"https:\/\/www.solarnaelektrana.hr\/wp-content\/uploads\/2023\/01\/196-MainBanner-1024x715.jpg 1024w, https:\/\/www.solarnaelektrana.hr\/wp-content\/uploads\/2023\/01\/196-MainBanner-300x209.jpg 300w, https:\/\/www.solarnaelektrana.hr\/wp-content\/uploads\/2023\/01\/196-MainBanner-768x536.jpg 768w, https:\/\/www.solarnaelektrana.hr\/wp-content\/uploads\/2023\/01\/196-MainBanner-1536x1072.jpg 1536w, https:\/\/www.solarnaelektrana.hr\/wp-content\/uploads\/2023\/01\/196-MainBanner.jpg 1920w\" sizes=\"(max-width: 1024px) 100vw, 1024px\" \/>\t\t\t\t\t\t\t\t\t\t\t\t\t\t\t<\/div>\n\t\t\t\t<\/div>\n\t\t\t\t\t<\/div>\n\t\t<\/div>\n\t\t\t\t\t<\/div>\n\t\t<\/section>\n\t\t\t\t<\/div>\n\t\t","protected":false},"excerpt":{"rendered":"<p>Prosje\u010dni vijek solarnih panela Solarni sustavi Solarni paneli u kombinaciji sa ostalim komponentama sustavam koriste sun\u010devu energiju kako bi je pretvorili u elektri\u010dnu energiju kako je bi krajni korisnik koristio za vlastitu potro\u0161nju. Povrat investicije za prosje\u010dna ku\u0107anstva se kre\u0107e u razmaku od 7 do 9 godina, nakon \u010dega korisnik koristi elektri\u010dnu energiju potpuno besplatno. &hellip;<\/p>\n<p class=\"read-more\"> <a class=\"\" href=\"https:\/\/www.solarnaelektrana.hr\/?page_id=2240\"> <span class=\"screen-reader-text\">Vijek trajanja solarnog sustava<\/span> Read More &raquo;<\/a><\/p>\n","protected":false},"author":1,"featured_media":0,"parent":0,"menu_order":0,"comment_status":"closed","ping_status":"closed","template":"","meta":{"_uag_custom_page_level_css":"","_monsterinsights_skip_tracking":false,"_monsterinsights_sitenote_active":false,"_monsterinsights_sitenote_note":"","_monsterinsights_sitenote_category":0,"site-sidebar-layout":"no-sidebar","site-content-layout":"page-builder","ast-global-header-display":"","ast-main-header-display":"","ast-hfb-above-header-display":"","ast-hfb-below-header-display":"","ast-hfb-mobile-header-display":"","site-post-title":"disabled","ast-breadcrumbs-content":"","ast-featured-img":"","footer-sml-layout":"","theme-transparent-header-meta":"enabled","adv-header-id-meta":"","stick-header-meta":"","header-above-stick-meta":"","header-main-stick-meta":"","header-below-stick-meta":"","footnotes":""},"class_list":["post-2240","page","type-page","status-publish","hentry"],"aioseo_notices":[],"uagb_featured_image_src":{"full":false,"thumbnail":false,"medium":false,"medium_large":false,"large":false,"1536x1536":false,"2048x2048":false},"uagb_author_info":{"display_name":"Solea","author_link":"https:\/\/www.solarnaelektrana.hr\/?author=1"},"uagb_comment_info":0,"uagb_excerpt":"Prosje\u010dni vijek solarnih panela Solarni sustavi Solarni paneli u kombinaciji sa ostalim komponentama sustavam koriste sun\u010devu energiju kako bi je pretvorili u elektri\u010dnu energiju kako je bi krajni korisnik koristio za vlastitu potro\u0161nju. Povrat investicije za prosje\u010dna ku\u0107anstva se kre\u0107e u razmaku od 7 do 9 godina, nakon \u010dega korisnik koristi elektri\u010dnu energiju potpuno besplatno.&hellip;","_links":{"self":[{"href":"https:\/\/www.solarnaelektrana.hr\/index.php?rest_route=\/wp\/v2\/pages\/2240","targetHints":{"allow":["GET"]}}],"collection":[{"href":"https:\/\/www.solarnaelektrana.hr\/index.php?rest_route=\/wp\/v2\/pages"}],"about":[{"href":"https:\/\/www.solarnaelektrana.hr\/index.php?rest_route=\/wp\/v2\/types\/page"}],"author":[{"embeddable":true,"href":"https:\/\/www.solarnaelektrana.hr\/index.php?rest_route=\/wp\/v2\/users\/1"}],"replies":[{"embeddable":true,"href":"https:\/\/www.solarnaelektrana.hr\/index.php?rest_route=%2Fwp%2Fv2%2Fcomments&post=2240"}],"version-history":[{"count":7,"href":"https:\/\/www.solarnaelektrana.hr\/index.php?rest_route=\/wp\/v2\/pages\/2240\/revisions"}],"predecessor-version":[{"id":2253,"href":"https:\/\/www.solarnaelektrana.hr\/index.php?rest_route=\/wp\/v2\/pages\/2240\/revisions\/2253"}],"wp:attachment":[{"href":"https:\/\/www.solarnaelektrana.hr\/index.php?rest_route=%2Fwp%2Fv2%2Fmedia&parent=2240"}],"curies":[{"name":"wp","href":"https:\/\/api.w.org\/{rel}","templated":true}]}}