{"id":2200,"date":"2023-01-22T22:57:42","date_gmt":"2023-01-22T21:57:42","guid":{"rendered":"https:\/\/www.solarnaelektrana.hr\/?page_id=2200"},"modified":"2023-02-04T15:21:58","modified_gmt":"2023-02-04T14:21:58","slug":"isplativost-solarne-elektrane","status":"publish","type":"page","link":"https:\/\/www.solarnaelektrana.hr\/?page_id=2200","title":{"rendered":"Isplativost solarne elektrane"},"content":{"rendered":"\t\t<div data-elementor-type=\"wp-page\" data-elementor-id=\"2200\" class=\"elementor elementor-2200\" data-elementor-post-type=\"page\">\n\t\t\t\t\t\t<section class=\"elementor-section elementor-top-section elementor-element elementor-element-1b0a5d33 elementor-section-boxed elementor-section-height-default elementor-section-height-default\" data-id=\"1b0a5d33\" data-element_type=\"section\" data-e-type=\"section\" data-settings=\"{&quot;background_background&quot;:&quot;classic&quot;}\">\n\t\t\t\t\t\t\t<div class=\"elementor-background-overlay\"><\/div>\n\t\t\t\t\t\t\t<div class=\"elementor-container elementor-column-gap-default\">\n\t\t\t\t\t<div class=\"elementor-column elementor-col-100 elementor-top-column elementor-element elementor-element-1f841ba\" data-id=\"1f841ba\" data-element_type=\"column\" data-e-type=\"column\">\n\t\t\t<div class=\"elementor-widget-wrap elementor-element-populated\">\n\t\t\t\t\t\t<div class=\"elementor-element elementor-element-365ba0bd elementor-widget elementor-widget-heading\" data-id=\"365ba0bd\" data-element_type=\"widget\" data-e-type=\"widget\" data-widget_type=\"heading.default\">\n\t\t\t\t<div class=\"elementor-widget-container\">\n\t\t\t\t\t<h1 class=\"elementor-heading-title elementor-size-default\">isplativost solarne elektrane<\/h1>\t\t\t\t<\/div>\n\t\t\t\t<\/div>\n\t\t\t\t\t<\/div>\n\t\t<\/div>\n\t\t\t\t\t<\/div>\n\t\t<\/section>\n\t\t\t\t<section class=\"elementor-section elementor-top-section elementor-element elementor-element-4d2c9e9 elementor-reverse-mobile elementor-section-boxed elementor-section-height-default elementor-section-height-default\" data-id=\"4d2c9e9\" data-element_type=\"section\" data-e-type=\"section\">\n\t\t\t\t\t\t<div class=\"elementor-container elementor-column-gap-no\">\n\t\t\t\t\t<div class=\"elementor-column elementor-col-50 elementor-top-column elementor-element elementor-element-60a32df\" data-id=\"60a32df\" data-element_type=\"column\" data-e-type=\"column\">\n\t\t\t<div class=\"elementor-widget-wrap elementor-element-populated\">\n\t\t\t\t\t\t<div class=\"elementor-element elementor-element-53dcd21 elementor-widget elementor-widget-text-editor\" data-id=\"53dcd21\" data-element_type=\"widget\" data-e-type=\"widget\" data-widget_type=\"text-editor.default\">\n\t\t\t\t<div class=\"elementor-widget-container\">\n\t\t\t\t\t\t\t\t\t<h2><strong>Prosje\u010dna snaga solarne elektrane za ku\u0107anstva za samoopskrbu<\/strong><\/h2><p>Primjer izra\u010duna povrata investicije ku\u0107anstva u sustavu samoopskrbe, koje tro\u0161i 80-100 \u20ac mjese\u010dno na tro\u0161ak elektri\u010dne, \u0161to u kw\/h iznosi u prosjeku od 600 do 750 kw\/h godisnje. <strong><span style=\"color: #91c936;\"><a style=\"color: #91c936;\" href=\"https:\/\/re.jrc.ec.europa.eu\/pvg_tools\/en\/\">Potrebna snaga elektrane<\/a><\/span><\/strong> za takvo ku\u0107anstva je otprilike 5 do 6 kW.<\/p><p><a href=\"http:\/\/mojracun.hep.hr\/kalkulator\/index.html\"><span style=\"color: #999999;\"> HEP KALULATOR<\/span><\/a><\/p>\t\t\t\t\t\t\t\t<\/div>\n\t\t\t\t<\/div>\n\t\t\t\t\t<\/div>\n\t\t<\/div>\n\t\t\t\t<div class=\"elementor-column elementor-col-50 elementor-top-column elementor-element elementor-element-7285665\" data-id=\"7285665\" data-element_type=\"column\" data-e-type=\"column\">\n\t\t\t<div class=\"elementor-widget-wrap elementor-element-populated\">\n\t\t\t\t\t\t<div class=\"elementor-element elementor-element-508aa5f0 elementor-widget elementor-widget-image\" data-id=\"508aa5f0\" data-element_type=\"widget\" data-e-type=\"widget\" data-widget_type=\"image.default\">\n\t\t\t\t<div class=\"elementor-widget-container\">\n\t\t\t\t\t\t\t\t\t\t\t\t\t\t\t<img fetchpriority=\"high\" decoding=\"async\" width=\"565\" height=\"400\" src=\"https:\/\/www.solarnaelektrana.hr\/wp-content\/uploads\/2023\/01\/about.png\" class=\"attachment-large size-large wp-image-2202\" alt=\"\" srcset=\"https:\/\/www.solarnaelektrana.hr\/wp-content\/uploads\/2023\/01\/about.png 565w, https:\/\/www.solarnaelektrana.hr\/wp-content\/uploads\/2023\/01\/about-300x212.png 300w\" sizes=\"(max-width: 565px) 100vw, 565px\" \/>\t\t\t\t\t\t\t\t\t\t\t\t\t\t\t<\/div>\n\t\t\t\t<\/div>\n\t\t\t\t\t<\/div>\n\t\t<\/div>\n\t\t\t\t\t<\/div>\n\t\t<\/section>\n\t\t\t\t<section class=\"elementor-section elementor-top-section elementor-element elementor-element-9e09982 elementor-section-boxed elementor-section-height-default elementor-section-height-default\" data-id=\"9e09982\" data-element_type=\"section\" data-e-type=\"section\">\n\t\t\t\t\t\t<div class=\"elementor-container elementor-column-gap-no\">\n\t\t\t\t\t<div class=\"elementor-column elementor-col-50 elementor-top-column elementor-element elementor-element-4b9de95\" data-id=\"4b9de95\" data-element_type=\"column\" data-e-type=\"column\">\n\t\t\t<div class=\"elementor-widget-wrap elementor-element-populated\">\n\t\t\t\t\t\t<div class=\"elementor-element elementor-element-1fab74e0 elementor-widget elementor-widget-image\" data-id=\"1fab74e0\" data-element_type=\"widget\" data-e-type=\"widget\" data-widget_type=\"image.default\">\n\t\t\t\t<div class=\"elementor-widget-container\">\n\t\t\t\t\t\t\t\t\t\t\t\t\t\t\t<img decoding=\"async\" width=\"823\" height=\"477\" src=\"https:\/\/www.solarnaelektrana.hr\/wp-content\/uploads\/2023\/01\/Izrezak-1.jpg\" class=\"attachment-large size-large wp-image-2203\" alt=\"\" srcset=\"https:\/\/www.solarnaelektrana.hr\/wp-content\/uploads\/2023\/01\/Izrezak-1.jpg 823w, https:\/\/www.solarnaelektrana.hr\/wp-content\/uploads\/2023\/01\/Izrezak-1-300x174.jpg 300w, https:\/\/www.solarnaelektrana.hr\/wp-content\/uploads\/2023\/01\/Izrezak-1-768x445.jpg 768w\" sizes=\"(max-width: 823px) 100vw, 823px\" \/>\t\t\t\t\t\t\t\t\t\t\t\t\t\t\t<\/div>\n\t\t\t\t<\/div>\n\t\t\t\t\t<\/div>\n\t\t<\/div>\n\t\t\t\t<div class=\"elementor-column elementor-col-50 elementor-top-column elementor-element elementor-element-ddc17dc\" data-id=\"ddc17dc\" data-element_type=\"column\" data-e-type=\"column\">\n\t\t\t<div class=\"elementor-widget-wrap elementor-element-populated\">\n\t\t\t\t\t\t<div class=\"elementor-element elementor-element-1f46817 elementor-widget elementor-widget-text-editor\" data-id=\"1f46817\" data-element_type=\"widget\" data-e-type=\"widget\" data-widget_type=\"text-editor.default\">\n\t\t\t\t<div class=\"elementor-widget-container\">\n\t\t\t\t\t\t\t\t\t<h2><strong>Procijenjenja proizvodnja solarne elektrane<\/strong><\/h2><p><a href=\"https:\/\/www.solarnaelektrana.hr\/?page_id=2025\"><strong><span style=\"color: #91c936;\">Solarna elektrana snage 5<\/span><\/strong><\/a> kWp dobivena na osnovu prethodnog prora\u010duna, proizvodi na kontinentnu oko 6000 kW\/h ( na obali i do 20 % vi\u0161e). Iz navedenog vidimo da nam proizvodnja od 6000 kW\/ h odnosu na godi\u0161nju potro\u0161nju od 7200 kW\/h znatno smanjuje koli\u010dinu potrebne energije na godi\u0161njoj\u00a0<\/p><p><span style=\"color: #999999;\"><a style=\"color: #999999;\" href=\"https:\/\/re.jrc.ec.europa.eu\/pvg_tools\/en\/\">PVGIS Tool.<\/a><\/span><\/p>\t\t\t\t\t\t\t\t<\/div>\n\t\t\t\t<\/div>\n\t\t\t\t\t<\/div>\n\t\t<\/div>\n\t\t\t\t\t<\/div>\n\t\t<\/section>\n\t\t\t\t<section class=\"elementor-section elementor-top-section elementor-element elementor-element-6027d0f elementor-reverse-mobile elementor-section-boxed elementor-section-height-default elementor-section-height-default\" data-id=\"6027d0f\" data-element_type=\"section\" data-e-type=\"section\">\n\t\t\t\t\t\t<div class=\"elementor-container elementor-column-gap-no\">\n\t\t\t\t\t<div class=\"elementor-column elementor-col-50 elementor-top-column elementor-element elementor-element-0318be1\" data-id=\"0318be1\" data-element_type=\"column\" data-e-type=\"column\">\n\t\t\t<div class=\"elementor-widget-wrap elementor-element-populated\">\n\t\t\t\t\t\t<div class=\"elementor-element elementor-element-89a10d9 elementor-widget elementor-widget-text-editor\" data-id=\"89a10d9\" data-element_type=\"widget\" data-e-type=\"widget\" data-widget_type=\"text-editor.default\">\n\t\t\t\t<div class=\"elementor-widget-container\">\n\t\t\t\t\t\t\t\t\t<h2><strong>Investicija i povrtat<\/strong><\/h2><p><strong><span style=\"color: #91c936;\"><a style=\"color: #91c936;\" href=\"https:\/\/www.solarnaelektrana.hr\/?page_id=2025\">Investicija<\/a> u <\/span><\/strong><a href=\"https:\/\/www.solarnaelektrana.hr\/\"><strong><span style=\"color: #91c936;\">solarnu elektranu snage 5kW<\/span><\/strong><\/a> iznosi u prosjeku 6000\u20ac ovisno o odabranoj opremi, lokaciji postavljanja itd..<\/p><p>na osnovu dobivenih podataka mo\u017eemo izra\u010dunati da nam je godi\u0161nja prosje\u010dna u\u0161teda 800-900\u20ac sta nas dovodi do povrata investicije u roku od 7 &#8211; 8 godina, s obzirom tendecije rasta energenata kojima svjedo\u010dimo zadnjih par godina, za o\u010dekivati je da ce se povrat investicije tako\u0111er smanjiti.<\/p>\t\t\t\t\t\t\t\t<\/div>\n\t\t\t\t<\/div>\n\t\t\t\t\t<\/div>\n\t\t<\/div>\n\t\t\t\t<div class=\"elementor-column elementor-col-50 elementor-top-column elementor-element elementor-element-623a32c\" data-id=\"623a32c\" data-element_type=\"column\" data-e-type=\"column\">\n\t\t\t<div class=\"elementor-widget-wrap elementor-element-populated\">\n\t\t\t\t\t\t<div class=\"elementor-element elementor-element-628e670 elementor-widget elementor-widget-image\" data-id=\"628e670\" data-element_type=\"widget\" data-e-type=\"widget\" data-widget_type=\"image.default\">\n\t\t\t\t<div class=\"elementor-widget-container\">\n\t\t\t\t\t\t\t\t\t\t\t\t\t\t\t<img decoding=\"async\" width=\"1024\" height=\"715\" src=\"https:\/\/www.solarnaelektrana.hr\/wp-content\/uploads\/2023\/01\/196-MainBanner-1024x715.jpg\" class=\"attachment-large size-large wp-image-2204\" alt=\"\" srcset=\"https:\/\/www.solarnaelektrana.hr\/wp-content\/uploads\/2023\/01\/196-MainBanner-1024x715.jpg 1024w, https:\/\/www.solarnaelektrana.hr\/wp-content\/uploads\/2023\/01\/196-MainBanner-300x209.jpg 300w, https:\/\/www.solarnaelektrana.hr\/wp-content\/uploads\/2023\/01\/196-MainBanner-768x536.jpg 768w, https:\/\/www.solarnaelektrana.hr\/wp-content\/uploads\/2023\/01\/196-MainBanner-1536x1072.jpg 1536w, https:\/\/www.solarnaelektrana.hr\/wp-content\/uploads\/2023\/01\/196-MainBanner.jpg 1920w\" sizes=\"(max-width: 1024px) 100vw, 1024px\" \/>\t\t\t\t\t\t\t\t\t\t\t\t\t\t\t<\/div>\n\t\t\t\t<\/div>\n\t\t\t\t\t<\/div>\n\t\t<\/div>\n\t\t\t\t\t<\/div>\n\t\t<\/section>\n\t\t\t\t<\/div>\n\t\t","protected":false},"excerpt":{"rendered":"<p>isplativost solarne elektrane Prosje\u010dna snaga solarne elektrane za ku\u0107anstva za samoopskrbu Primjer izra\u010duna povrata investicije ku\u0107anstva u sustavu samoopskrbe, koje tro\u0161i 80-100 \u20ac mjese\u010dno na tro\u0161ak elektri\u010dne, \u0161to u kw\/h iznosi u prosjeku od 600 do 750 kw\/h godisnje. Potrebna snaga elektrane za takvo ku\u0107anstva je otprilike 5 do 6 kW. HEP KALULATOR Procijenjenja proizvodnja &hellip;<\/p>\n<p class=\"read-more\"> <a class=\"\" href=\"https:\/\/www.solarnaelektrana.hr\/?page_id=2200\"> <span class=\"screen-reader-text\">Isplativost solarne elektrane<\/span> Read More &raquo;<\/a><\/p>\n","protected":false},"author":1,"featured_media":0,"parent":0,"menu_order":0,"comment_status":"closed","ping_status":"closed","template":"","meta":{"_uag_custom_page_level_css":"","_monsterinsights_skip_tracking":false,"_monsterinsights_sitenote_active":false,"_monsterinsights_sitenote_note":"","_monsterinsights_sitenote_category":0,"site-sidebar-layout":"no-sidebar","site-content-layout":"page-builder","ast-global-header-display":"","ast-main-header-display":"","ast-hfb-above-header-display":"","ast-hfb-below-header-display":"","ast-hfb-mobile-header-display":"","site-post-title":"disabled","ast-breadcrumbs-content":"","ast-featured-img":"","footer-sml-layout":"","theme-transparent-header-meta":"enabled","adv-header-id-meta":"","stick-header-meta":"","header-above-stick-meta":"","header-main-stick-meta":"","header-below-stick-meta":"","footnotes":""},"class_list":["post-2200","page","type-page","status-publish","hentry"],"aioseo_notices":[],"uagb_featured_image_src":{"full":false,"thumbnail":false,"medium":false,"medium_large":false,"large":false,"1536x1536":false,"2048x2048":false},"uagb_author_info":{"display_name":"Solea","author_link":"https:\/\/www.solarnaelektrana.hr\/?author=1"},"uagb_comment_info":0,"uagb_excerpt":"isplativost solarne elektrane Prosje\u010dna snaga solarne elektrane za ku\u0107anstva za samoopskrbu Primjer izra\u010duna povrata investicije ku\u0107anstva u sustavu samoopskrbe, koje tro\u0161i 80-100 \u20ac mjese\u010dno na tro\u0161ak elektri\u010dne, \u0161to u kw\/h iznosi u prosjeku od 600 do 750 kw\/h godisnje. Potrebna snaga elektrane za takvo ku\u0107anstva je otprilike 5 do 6 kW. HEP KALULATOR Procijenjenja proizvodnja&hellip;","_links":{"self":[{"href":"https:\/\/www.solarnaelektrana.hr\/index.php?rest_route=\/wp\/v2\/pages\/2200","targetHints":{"allow":["GET"]}}],"collection":[{"href":"https:\/\/www.solarnaelektrana.hr\/index.php?rest_route=\/wp\/v2\/pages"}],"about":[{"href":"https:\/\/www.solarnaelektrana.hr\/index.php?rest_route=\/wp\/v2\/types\/page"}],"author":[{"embeddable":true,"href":"https:\/\/www.solarnaelektrana.hr\/index.php?rest_route=\/wp\/v2\/users\/1"}],"replies":[{"embeddable":true,"href":"https:\/\/www.solarnaelektrana.hr\/index.php?rest_route=%2Fwp%2Fv2%2Fcomments&post=2200"}],"version-history":[{"count":22,"href":"https:\/\/www.solarnaelektrana.hr\/index.php?rest_route=\/wp\/v2\/pages\/2200\/revisions"}],"predecessor-version":[{"id":2455,"href":"https:\/\/www.solarnaelektrana.hr\/index.php?rest_route=\/wp\/v2\/pages\/2200\/revisions\/2455"}],"wp:attachment":[{"href":"https:\/\/www.solarnaelektrana.hr\/index.php?rest_route=%2Fwp%2Fv2%2Fmedia&parent=2200"}],"curies":[{"name":"wp","href":"https:\/\/api.w.org\/{rel}","templated":true}]}}