{"id":2025,"date":"2023-01-04T22:01:42","date_gmt":"2023-01-04T21:01:42","guid":{"rendered":"https:\/\/www.solarnaelektrana.hr\/?page_id=2025"},"modified":"2023-01-04T23:27:22","modified_gmt":"2023-01-04T22:27:22","slug":"ponuda","status":"publish","type":"page","link":"https:\/\/www.solarnaelektrana.hr\/?page_id=2025","title":{"rendered":"PONUDA"},"content":{"rendered":"\t\t<div data-elementor-type=\"wp-page\" data-elementor-id=\"2025\" class=\"elementor elementor-2025\" data-elementor-post-type=\"page\">\n\t\t\t\t\t\t<section class=\"elementor-section elementor-top-section elementor-element elementor-element-hj7js9a elementor-section-height-min-height elementor-section-boxed elementor-section-height-default elementor-section-items-middle\" data-id=\"hj7js9a\" data-element_type=\"section\" data-e-type=\"section\" data-settings=\"{&quot;background_background&quot;:&quot;classic&quot;}\">\n\t\t\t\t\t\t\t<div class=\"elementor-background-overlay\"><\/div>\n\t\t\t\t\t\t\t<div class=\"elementor-container elementor-column-gap-default\">\n\t\t\t\t\t<div class=\"elementor-column elementor-col-100 elementor-top-column elementor-element elementor-element-09faee3\" data-id=\"09faee3\" data-element_type=\"column\" data-e-type=\"column\">\n\t\t\t<div class=\"elementor-widget-wrap elementor-element-populated\">\n\t\t\t\t\t\t<div class=\"elementor-element elementor-element-c7152a9 elementor-widget elementor-widget-heading\" data-id=\"c7152a9\" data-element_type=\"widget\" data-e-type=\"widget\" data-widget_type=\"heading.default\">\n\t\t\t\t<div class=\"elementor-widget-container\">\n\t\t\t\t\t<h1 class=\"elementor-heading-title elementor-size-default\">PONUDA<\/h1>\t\t\t\t<\/div>\n\t\t\t\t<\/div>\n\t\t\t\t\t<\/div>\n\t\t<\/div>\n\t\t\t\t\t<\/div>\n\t\t<\/section>\n\t\t\t\t<section class=\"elementor-section elementor-top-section elementor-element elementor-element-hqjyf2i elementor-section-boxed elementor-section-height-default elementor-section-height-default\" data-id=\"hqjyf2i\" data-element_type=\"section\" data-e-type=\"section\" data-settings=\"{&quot;background_background&quot;:&quot;classic&quot;}\">\n\t\t\t\t\t\t<div class=\"elementor-container elementor-column-gap-default\">\n\t\t\t\t\t<div class=\"elementor-column elementor-col-100 elementor-top-column elementor-element elementor-element-82668e3\" data-id=\"82668e3\" data-element_type=\"column\" data-e-type=\"column\">\n\t\t\t<div class=\"elementor-widget-wrap elementor-element-populated\">\n\t\t\t\t\t\t<div class=\"elementor-element elementor-element-2449e1e elementor-widget elementor-widget-heading\" data-id=\"2449e1e\" data-element_type=\"widget\" data-e-type=\"widget\" data-widget_type=\"heading.default\">\n\t\t\t\t<div class=\"elementor-widget-container\">\n\t\t\t\t\t<p class=\"elementor-heading-title elementor-size-default\">Upitnik za ponudu solarne elektrane<\/p>\t\t\t\t<\/div>\n\t\t\t\t<\/div>\n\t\t\t\t<div class=\"elementor-element elementor-element-0d78433 elementor-widget elementor-widget-text-editor\" data-id=\"0d78433\" data-element_type=\"widget\" data-e-type=\"widget\" data-widget_type=\"text-editor.default\">\n\t\t\t\t<div class=\"elementor-widget-container\">\n\t\t\t\t\t\t\t\t\t<p>Ukoliko ste zainteresirani za ugradnju solarne elektrane, ali niste sigurni o potrebnoj<span style=\"font-style: inherit; font-weight: inherit; background-color: var( --e-global-color-astglobalcolor4 ); color: var(--ast-global-color-3);\">&nbsp;veli\u010dini, cijeni, te isplativosti solarne elektrane, molimo da ispunite upitnik za ponudu, i na\u0161 stru\u010dni tim \u0107e u najbr\u017eem mogu\u0107em roku sastaviti ponudu sa svim pripadaju\u0107im podacima.<\/span><\/p>\n<p><\/p>\t\t\t\t\t\t\t\t<\/div>\n\t\t\t\t<\/div>\n\t\t\t\t\t<\/div>\n\t\t<\/div>\n\t\t\t\t\t<\/div>\n\t\t<\/section>\n\t\t\t\t<section class=\"elementor-section elementor-top-section elementor-element elementor-element-abe87bb elementor-section-boxed elementor-section-height-default elementor-section-height-default\" data-id=\"abe87bb\" data-element_type=\"section\" data-e-type=\"section\">\n\t\t\t\t\t\t<div class=\"elementor-container elementor-column-gap-default\">\n\t\t\t\t\t<div class=\"elementor-column elementor-col-100 elementor-top-column elementor-element elementor-element-01f638e\" data-id=\"01f638e\" data-element_type=\"column\" data-e-type=\"column\">\n\t\t\t<div class=\"elementor-widget-wrap elementor-element-populated\">\n\t\t\t\t\t\t<div class=\"elementor-element elementor-element-f32ec21 elementor-widget elementor-widget-wpforms\" data-id=\"f32ec21\" data-element_type=\"widget\" data-e-type=\"widget\" data-widget_type=\"wpforms.default\">\n\t\t\t\t<div class=\"elementor-widget-container\">\n\t\t\t\t\t<div class=\"wpforms-container \" id=\"wpforms-2039\"><form id=\"wpforms-form-2039\" class=\"wpforms-validate wpforms-form wpforms-ajax-form\" data-formid=\"2039\" method=\"post\" enctype=\"multipart\/form-data\" action=\"\/index.php?rest_route=%2Fwp%2Fv2%2Fpages%2F2025\" data-token=\"a0715897b3d655cb7755799cf8ae8af1\" data-token-time=\"1778712189\"><noscript class=\"wpforms-error-noscript\">Please enable JavaScript in your browser to complete this form.<\/noscript><div class=\"wpforms-field-container\"><div id=\"wpforms-2039-field_0-container\" class=\"wpforms-field wpforms-field-name\" data-field-id=\"0\"><label class=\"wpforms-field-label\" for=\"wpforms-2039-field_0\">Ime i Prezime <span class=\"wpforms-required-label\">*<\/span><\/label><div class=\"wpforms-field-row wpforms-field-medium\"><div class=\"wpforms-field-row-block wpforms-first wpforms-one-half\"><input type=\"text\" id=\"wpforms-2039-field_0\" class=\"wpforms-field-name-first wpforms-field-required\" name=\"wpforms[fields][0][first]\" required><label for=\"wpforms-2039-field_0\" class=\"wpforms-field-sublabel after wpforms-sublabel-hide\">First<\/label><\/div><div class=\"wpforms-field-row-block wpforms-one-half\"><input type=\"text\" id=\"wpforms-2039-field_0-last\" class=\"wpforms-field-name-last wpforms-field-required\" name=\"wpforms[fields][0][last]\" required><label for=\"wpforms-2039-field_0-last\" class=\"wpforms-field-sublabel after wpforms-sublabel-hide\">Last<\/label><\/div><\/div><\/div><div id=\"wpforms-2039-field_1-container\" class=\"wpforms-field wpforms-field-email\" data-field-id=\"1\"><label class=\"wpforms-field-label\" for=\"wpforms-2039-field_1\">Email <span class=\"wpforms-required-label\">*<\/span><\/label><input type=\"email\" id=\"wpforms-2039-field_1\" class=\"wpforms-field-medium wpforms-field-required\" name=\"wpforms[fields][1]\" spellcheck=\"false\" required><\/div><div id=\"wpforms-2039-field_3-container\" class=\"wpforms-field wpforms-field-number\" data-field-id=\"3\"><label class=\"wpforms-field-label\" for=\"wpforms-2039-field_3\">Broj mobitela <span class=\"wpforms-required-label\">*<\/span><\/label><input type=\"number\" id=\"wpforms-2039-field_3\" class=\"wpforms-field-small wpforms-field-required\" name=\"wpforms[fields][3]\" step=\"any\" required><\/div><div id=\"wpforms-2039-field_4-container\" class=\"wpforms-field wpforms-field-text\" data-field-id=\"4\"><label class=\"wpforms-field-label\" for=\"wpforms-2039-field_4\">Po\u0161tanski broj i mjesto <span class=\"wpforms-required-label\">*<\/span><\/label><input type=\"text\" id=\"wpforms-2039-field_4\" class=\"wpforms-field-medium wpforms-field-required\" name=\"wpforms[fields][4]\" required><\/div><div id=\"wpforms-2039-field_5-container\" class=\"wpforms-field wpforms-field-text\" data-field-id=\"5\"><label class=\"wpforms-field-label\" for=\"wpforms-2039-field_5\">Ulica i ku\u0107ni broj <span class=\"wpforms-required-label\">*<\/span><\/label><input type=\"text\" id=\"wpforms-2039-field_5\" class=\"wpforms-field-medium wpforms-field-required\" name=\"wpforms[fields][5]\" required><\/div><div id=\"wpforms-2039-field_7-container\" class=\"wpforms-field wpforms-field-checkbox\" data-field-id=\"7\"><label class=\"wpforms-field-label\">Kategorija potro\u0161nje <span class=\"wpforms-required-label\">*<\/span><\/label><ul id=\"wpforms-2039-field_7\" class=\"wpforms-field-required\"><li class=\"choice-1 depth-1\"><input type=\"checkbox\" id=\"wpforms-2039-field_7_1\" name=\"wpforms[fields][7][]\" value=\"Ku\u0107anstvo\" required ><label class=\"wpforms-field-label-inline\" for=\"wpforms-2039-field_7_1\">Ku\u0107anstvo<\/label><\/li><li class=\"choice-2 depth-1\"><input type=\"checkbox\" id=\"wpforms-2039-field_7_2\" name=\"wpforms[fields][7][]\" value=\"Poduzetni\u0161tvo\" required ><label class=\"wpforms-field-label-inline\" for=\"wpforms-2039-field_7_2\">Poduzetni\u0161tvo<\/label><\/li><\/ul><\/div><div id=\"wpforms-2039-field_8-container\" class=\"wpforms-field wpforms-field-checkbox\" data-field-id=\"8\"><label class=\"wpforms-field-label\">Vrsta priklju\u010dka <span class=\"wpforms-required-label\">*<\/span><\/label><ul id=\"wpforms-2039-field_8\" class=\"wpforms-field-required\"><li class=\"choice-1 depth-1\"><input type=\"checkbox\" id=\"wpforms-2039-field_8_1\" name=\"wpforms[fields][8][]\" value=\"Jednofazni\" required ><label class=\"wpforms-field-label-inline\" for=\"wpforms-2039-field_8_1\">Jednofazni<\/label><\/li><li class=\"choice-2 depth-1\"><input type=\"checkbox\" id=\"wpforms-2039-field_8_2\" name=\"wpforms[fields][8][]\" value=\"Trofazni\" required ><label class=\"wpforms-field-label-inline\" for=\"wpforms-2039-field_8_2\">Trofazni<\/label><\/li><\/ul><\/div><div id=\"wpforms-2039-field_9-container\" class=\"wpforms-field wpforms-field-number\" data-field-id=\"9\"><label class=\"wpforms-field-label\" for=\"wpforms-2039-field_9\">Snaga elektrane<\/label><input type=\"number\" id=\"wpforms-2039-field_9\" class=\"wpforms-field-medium\" name=\"wpforms[fields][9]\" step=\"any\" ><\/div><div id=\"wpforms-2039-field_10-container\" class=\"wpforms-field wpforms-field-radio\" data-field-id=\"10\"><label class=\"wpforms-field-label\">Vrsta krova<\/label><ul id=\"wpforms-2039-field_10\"><li class=\"choice-1 depth-1\"><input type=\"radio\" id=\"wpforms-2039-field_10_1\" name=\"wpforms[fields][10]\" value=\"Crijep\"  ><label class=\"wpforms-field-label-inline\" for=\"wpforms-2039-field_10_1\">Crijep<\/label><\/li><li class=\"choice-2 depth-1\"><input type=\"radio\" id=\"wpforms-2039-field_10_2\" name=\"wpforms[fields][10]\" value=\"Lim\"  ><label class=\"wpforms-field-label-inline\" for=\"wpforms-2039-field_10_2\">Lim<\/label><\/li><li class=\"choice-3 depth-1\"><input type=\"radio\" id=\"wpforms-2039-field_10_3\" name=\"wpforms[fields][10]\" value=\"\u0160indra\"  ><label class=\"wpforms-field-label-inline\" for=\"wpforms-2039-field_10_3\">\u0160indra<\/label><\/li><li class=\"choice-4 depth-1\"><input type=\"radio\" id=\"wpforms-2039-field_10_4\" name=\"wpforms[fields][10]\" value=\"Ostalo\"  ><label class=\"wpforms-field-label-inline\" for=\"wpforms-2039-field_10_4\">Ostalo<\/label><\/li><\/ul><\/div><div id=\"wpforms-2039-field_13-container\" class=\"wpforms-field wpforms-field-select wpforms-field-select-style-classic\" data-field-id=\"13\"><label class=\"wpforms-field-label\" for=\"wpforms-2039-field_13\">Vrijeme ugradnje solarne elektrane: <span class=\"wpforms-required-label\">*<\/span><\/label><select id=\"wpforms-2039-field_13\" class=\"wpforms-field-medium wpforms-field-required\" name=\"wpforms[fields][13]\" required=\"required\"><option value=\"&lt;2 mjeseca\"  class=\"choice-1 depth-1\"  >&lt;2 mjeseca<\/option><option value=\"&lt; 1 godina\"  class=\"choice-2 depth-1\"  >&lt; 1 godina<\/option><option value=\"Nakon objave rezultata Javnog poziva Fonda\"  class=\"choice-3 depth-1\"  >Nakon objave rezultata Javnog poziva Fonda<\/option><\/select><\/div><div id=\"wpforms-2039-field_2-container\" class=\"wpforms-field wpforms-field-textarea\" data-field-id=\"2\"><label class=\"wpforms-field-label\" for=\"wpforms-2039-field_2\">Poruka<\/label><textarea id=\"wpforms-2039-field_2\" class=\"wpforms-field-medium\" name=\"wpforms[fields][2]\" ><\/textarea><\/div><\/div><!-- .wpforms-field-container --><div class=\"wpforms-submit-container\" ><input type=\"hidden\" name=\"wpforms[id]\" value=\"2039\"><input type=\"hidden\" name=\"page_title\" value=\"\"><input type=\"hidden\" name=\"page_url\" value=\"https:\/\/www.solarnaelektrana.hr\/index.php?rest_route=\/wp\/v2\/pages\/2025\"><input type=\"hidden\" name=\"url_referer\" value=\"\"><button type=\"submit\" name=\"wpforms[submit]\" id=\"wpforms-submit-2039\" class=\"wpforms-submit\" data-alt-text=\"Slanje\" data-submit-text=\"Po\u0161alji\" aria-live=\"assertive\" value=\"wpforms-submit\">Po\u0161alji<\/button><img decoding=\"async\" src=\"https:\/\/www.solarnaelektrana.hr\/wp-content\/plugins\/wpforms-lite\/assets\/images\/submit-spin.svg\" class=\"wpforms-submit-spinner\" style=\"display: none;\" width=\"26\" height=\"26\" alt=\"Loading\"><\/div><\/form><\/div>  <!-- .wpforms-container -->\t\t\t\t<\/div>\n\t\t\t\t<\/div>\n\t\t\t\t\t<\/div>\n\t\t<\/div>\n\t\t\t\t\t<\/div>\n\t\t<\/section>\n\t\t\t\t<\/div>\n\t\t","protected":false},"excerpt":{"rendered":"<p>PONUDA Upitnik za ponudu solarne elektrane Ukoliko ste zainteresirani za ugradnju solarne elektrane, ali niste sigurni o potrebnoj&nbsp;veli\u010dini, cijeni, te isplativosti solarne elektrane, molimo da ispunite upitnik za ponudu, i na\u0161 stru\u010dni tim \u0107e u najbr\u017eem mogu\u0107em roku sastaviti ponudu sa svim pripadaju\u0107im podacima.<\/p>\n","protected":false},"author":1,"featured_media":0,"parent":0,"menu_order":0,"comment_status":"closed","ping_status":"closed","template":"","meta":{"_uag_custom_page_level_css":"","_monsterinsights_skip_tracking":false,"_monsterinsights_sitenote_active":false,"_monsterinsights_sitenote_note":"","_monsterinsights_sitenote_category":0,"site-sidebar-layout":"no-sidebar","site-content-layout":"page-builder","ast-global-header-display":"","ast-main-header-display":"","ast-hfb-above-header-display":"","ast-hfb-below-header-display":"","ast-hfb-mobile-header-display":"","site-post-title":"disabled","ast-breadcrumbs-content":"","ast-featured-img":"disabled","footer-sml-layout":"","theme-transparent-header-meta":"","adv-header-id-meta":"","stick-header-meta":"","header-above-stick-meta":"","header-main-stick-meta":"","header-below-stick-meta":"","footnotes":""},"class_list":["post-2025","page","type-page","status-publish","hentry"],"aioseo_notices":[],"uagb_featured_image_src":{"full":false,"thumbnail":false,"medium":false,"medium_large":false,"large":false,"1536x1536":false,"2048x2048":false},"uagb_author_info":{"display_name":"Solea","author_link":"https:\/\/www.solarnaelektrana.hr\/?author=1"},"uagb_comment_info":0,"uagb_excerpt":"PONUDA Upitnik za ponudu solarne elektrane Ukoliko ste zainteresirani za ugradnju solarne elektrane, ali niste sigurni o potrebnoj&nbsp;veli\u010dini, cijeni, te isplativosti solarne elektrane, molimo da ispunite upitnik za ponudu, i na\u0161 stru\u010dni tim \u0107e u najbr\u017eem mogu\u0107em roku sastaviti ponudu sa svim pripadaju\u0107im podacima.","_links":{"self":[{"href":"https:\/\/www.solarnaelektrana.hr\/index.php?rest_route=\/wp\/v2\/pages\/2025","targetHints":{"allow":["GET"]}}],"collection":[{"href":"https:\/\/www.solarnaelektrana.hr\/index.php?rest_route=\/wp\/v2\/pages"}],"about":[{"href":"https:\/\/www.solarnaelektrana.hr\/index.php?rest_route=\/wp\/v2\/types\/page"}],"author":[{"embeddable":true,"href":"https:\/\/www.solarnaelektrana.hr\/index.php?rest_route=\/wp\/v2\/users\/1"}],"replies":[{"embeddable":true,"href":"https:\/\/www.solarnaelektrana.hr\/index.php?rest_route=%2Fwp%2Fv2%2Fcomments&post=2025"}],"version-history":[{"count":20,"href":"https:\/\/www.solarnaelektrana.hr\/index.php?rest_route=\/wp\/v2\/pages\/2025\/revisions"}],"predecessor-version":[{"id":2090,"href":"https:\/\/www.solarnaelektrana.hr\/index.php?rest_route=\/wp\/v2\/pages\/2025\/revisions\/2090"}],"wp:attachment":[{"href":"https:\/\/www.solarnaelektrana.hr\/index.php?rest_route=%2Fwp%2Fv2%2Fmedia&parent=2025"}],"curies":[{"name":"wp","href":"https:\/\/api.w.org\/{rel}","templated":true}]}}