{"id":2006,"date":"2023-01-04T21:55:28","date_gmt":"2023-01-04T20:55:28","guid":{"rendered":"https:\/\/www.solarnaelektrana.hr\/?page_id=2006"},"modified":"2023-01-04T23:58:00","modified_gmt":"2023-01-04T22:58:00","slug":"saznaj-vise","status":"publish","type":"page","link":"https:\/\/www.solarnaelektrana.hr\/?page_id=2006","title":{"rendered":"SAZNAJ VISE"},"content":{"rendered":"\t\t<div data-elementor-type=\"wp-page\" data-elementor-id=\"2006\" class=\"elementor elementor-2006\" data-elementor-post-type=\"page\">\n\t\t\t\t\t\t<section class=\"elementor-section elementor-top-section elementor-element elementor-element-83746e8 elementor-section-height-min-height elementor-section-boxed elementor-section-height-default elementor-section-items-middle\" data-id=\"83746e8\" data-element_type=\"section\" data-e-type=\"section\" data-settings=\"{&quot;background_background&quot;:&quot;classic&quot;}\">\n\t\t\t\t\t\t\t<div class=\"elementor-background-overlay\"><\/div>\n\t\t\t\t\t\t\t<div class=\"elementor-container elementor-column-gap-default\">\n\t\t\t\t\t<div class=\"elementor-column elementor-col-100 elementor-top-column elementor-element elementor-element-09faee3\" data-id=\"09faee3\" data-element_type=\"column\" data-e-type=\"column\">\n\t\t\t<div class=\"elementor-widget-wrap elementor-element-populated\">\n\t\t\t\t\t\t<div class=\"elementor-element elementor-element-c7152a9 elementor-widget elementor-widget-heading\" data-id=\"c7152a9\" data-element_type=\"widget\" data-e-type=\"widget\" data-widget_type=\"heading.default\">\n\t\t\t\t<div class=\"elementor-widget-container\">\n\t\t\t\t\t<h1 class=\"elementor-heading-title elementor-size-default\">SAZNAJ VI\u0160E<\/h1>\t\t\t\t<\/div>\n\t\t\t\t<\/div>\n\t\t\t\t\t<\/div>\n\t\t<\/div>\n\t\t\t\t\t<\/div>\n\t\t<\/section>\n\t\t\t\t<section class=\"elementor-section elementor-top-section elementor-element elementor-element-a92bf94 elementor-section-boxed elementor-section-height-default elementor-section-height-default\" data-id=\"a92bf94\" data-element_type=\"section\" data-e-type=\"section\">\n\t\t\t\t\t\t<div class=\"elementor-container elementor-column-gap-default\">\n\t\t\t\t\t<div class=\"elementor-column elementor-col-50 elementor-top-column elementor-element elementor-element-f485586\" data-id=\"f485586\" data-element_type=\"column\" data-e-type=\"column\">\n\t\t\t<div class=\"elementor-widget-wrap elementor-element-populated\">\n\t\t\t\t\t\t<div class=\"elementor-element elementor-element-b5d284b elementor-absolute elementor-widget elementor-widget-image\" data-id=\"b5d284b\" data-element_type=\"widget\" data-e-type=\"widget\" data-settings=\"{&quot;_position&quot;:&quot;absolute&quot;}\" data-widget_type=\"image.default\">\n\t\t\t\t<div class=\"elementor-widget-container\">\n\t\t\t\t\t\t\t\t\t\t\t\t\t\t\t<img fetchpriority=\"high\" decoding=\"async\" width=\"480\" height=\"345\" src=\"https:\/\/www.solarnaelektrana.hr\/wp-content\/uploads\/2023\/01\/ongrid-500x500-1-e1672871689983.jpg\" class=\"attachment-full size-full wp-image-2091\" alt=\"\" srcset=\"https:\/\/www.solarnaelektrana.hr\/wp-content\/uploads\/2023\/01\/ongrid-500x500-1-e1672871689983.jpg 480w, https:\/\/www.solarnaelektrana.hr\/wp-content\/uploads\/2023\/01\/ongrid-500x500-1-e1672871689983-300x216.jpg 300w\" sizes=\"(max-width: 480px) 100vw, 480px\" \/>\t\t\t\t\t\t\t\t\t\t\t\t\t\t\t<\/div>\n\t\t\t\t<\/div>\n\t\t\t\t\t<\/div>\n\t\t<\/div>\n\t\t\t\t<div class=\"elementor-column elementor-col-50 elementor-top-column elementor-element elementor-element-7d00c84\" data-id=\"7d00c84\" data-element_type=\"column\" data-e-type=\"column\">\n\t\t\t<div class=\"elementor-widget-wrap elementor-element-populated\">\n\t\t\t\t\t\t<div class=\"elementor-element elementor-element-8ce1b85 elementor-widget elementor-widget-heading\" data-id=\"8ce1b85\" data-element_type=\"widget\" data-e-type=\"widget\" data-widget_type=\"heading.default\">\n\t\t\t\t<div class=\"elementor-widget-container\">\n\t\t\t\t\t<h4 class=\"elementor-heading-title elementor-size-default\">solarni MRE\u017dNI SUSTAV<\/h4>\t\t\t\t<\/div>\n\t\t\t\t<\/div>\n\t\t\t\t<div class=\"elementor-element elementor-element-c31e03f elementor-widget elementor-widget-text-editor\" data-id=\"c31e03f\" data-element_type=\"widget\" data-e-type=\"widget\" data-widget_type=\"text-editor.default\">\n\t\t\t\t<div class=\"elementor-widget-container\">\n\t\t\t\t\t\t\t\t\t<div id=\"c140869\" class=\"frame frame-default frame-type-text frame-layout-0\"><p class=\"bodytext\">Sun\u010deva energija je obnovljiv i neograni\u010den izvor energije. Izravno ili neizravno od sun\u010deve energije potje\u010de najve\u0107i dio drugih\u00a0izvora energije koje koristimo.<\/p><p class=\"bodytext\">Kao rezultat globalnog zagrijavanja sun\u010danih sati u na\u0161em podru\u010dju sve je vi\u0161e i vi\u0161e, pa je idealna prilika iskoristiti mogu\u0107nost koju nam sunce nudi.\u00a0Sun\u010devo zra\u010denje se mo\u017ee iskoristiti za proizvodnju elektri\u010dne energije u sun\u010danoj elektrani.<\/p><p class=\"bodytext\">U ovoj postu \u0107emo se potruditi upoznati vas sa osnovnim komponentama\u00a0jednostavne ku\u0107ne sun\u010dane mre\u017ene elektrane.<\/p><\/div><div id=\"c140867\" class=\"frame frame-default frame-type-text frame-layout-0\"><p class=\"bodytext\">Mre\u017ena postrojenja su postrojenja koja su spojena na elektroenergetsku mre\u017eu. Takva postrojenja moraju zadovoljiti uvjete koje definira distributer energije na mre\u017ei.<\/p><p class=\"bodytext\">Ova postrojenja naj\u010de\u0161\u0107e za cilj imaju proizvodnju elektri\u010dne energije prvenstveno za vlastite potrebe, a tek vi\u0161ak \u0107e biti za prodaju<\/p><\/div>\t\t\t\t\t\t\t\t<\/div>\n\t\t\t\t<\/div>\n\t\t\t\t\t<\/div>\n\t\t<\/div>\n\t\t\t\t\t<\/div>\n\t\t<\/section>\n\t\t\t\t<section class=\"elementor-section elementor-top-section elementor-element elementor-element-81b0575 elementor-section-boxed elementor-section-height-default elementor-section-height-default\" data-id=\"81b0575\" data-element_type=\"section\" data-e-type=\"section\">\n\t\t\t\t\t\t<div class=\"elementor-container elementor-column-gap-default\">\n\t\t\t\t\t<div class=\"elementor-column elementor-col-50 elementor-top-column elementor-element elementor-element-15cfb90\" data-id=\"15cfb90\" data-element_type=\"column\" data-e-type=\"column\">\n\t\t\t<div class=\"elementor-widget-wrap elementor-element-populated\">\n\t\t\t\t\t\t<div class=\"elementor-element elementor-element-a26d886 elementor-widget elementor-widget-image\" data-id=\"a26d886\" data-element_type=\"widget\" data-e-type=\"widget\" data-widget_type=\"image.default\">\n\t\t\t\t<div class=\"elementor-widget-container\">\n\t\t\t\t\t\t\t\t\t\t\t\t\t\t\t<img decoding=\"async\" width=\"1000\" height=\"667\" src=\"https:\/\/www.solarnaelektrana.hr\/wp-content\/uploads\/2023\/01\/Solar-Panels-Lightinus.jpg\" class=\"attachment-full size-full wp-image-2096\" alt=\"\" srcset=\"https:\/\/www.solarnaelektrana.hr\/wp-content\/uploads\/2023\/01\/Solar-Panels-Lightinus.jpg 1000w, https:\/\/www.solarnaelektrana.hr\/wp-content\/uploads\/2023\/01\/Solar-Panels-Lightinus-300x200.jpg 300w, https:\/\/www.solarnaelektrana.hr\/wp-content\/uploads\/2023\/01\/Solar-Panels-Lightinus-768x512.jpg 768w\" sizes=\"(max-width: 1000px) 100vw, 1000px\" \/>\t\t\t\t\t\t\t\t\t\t\t\t\t\t\t<\/div>\n\t\t\t\t<\/div>\n\t\t\t\t\t<\/div>\n\t\t<\/div>\n\t\t\t\t<div class=\"elementor-column elementor-col-50 elementor-top-column elementor-element elementor-element-97c09ce\" data-id=\"97c09ce\" data-element_type=\"column\" data-e-type=\"column\">\n\t\t\t<div class=\"elementor-widget-wrap elementor-element-populated\">\n\t\t\t\t\t\t<div class=\"elementor-element elementor-element-cfc6530 elementor-widget elementor-widget-heading\" data-id=\"cfc6530\" data-element_type=\"widget\" data-e-type=\"widget\" data-widget_type=\"heading.default\">\n\t\t\t\t<div class=\"elementor-widget-container\">\n\t\t\t\t\t<h4 class=\"elementor-heading-title elementor-size-default\">fOTONAPONSKI MODUL<\/h4>\t\t\t\t<\/div>\n\t\t\t\t<\/div>\n\t\t\t\t<div class=\"elementor-element elementor-element-f06fcd5 elementor-widget elementor-widget-text-editor\" data-id=\"f06fcd5\" data-element_type=\"widget\" data-e-type=\"widget\" data-widget_type=\"text-editor.default\">\n\t\t\t\t<div class=\"elementor-widget-container\">\n\t\t\t\t\t\t\t\t\t<p>Fotonaponski modul je osnova za pretvorbu solarne energije u elektri\u010dnu. Zada\u0107a fotonaponskog modula je da u osun\u010danom stanju proizvodi istosmjerni napon. Ako je na modul spojeno tro\u0161ilo, pote\u0107i \u0107e istosmjerna struja. Moduli se mogu povezivati u serijskom ili paralelnom spoju, vezivanje vi\u0161e modula dobivamo &#8220;string. To se radi u cilju ostvarenja optimalnih uvjeta za rad mre\u017enog izmjenjiva\u010da koji pretvara istosmjerni napon u uobi\u010dajeni izmjeni\u010dni napon iznosa 230 V i frekvencije 50 Hz.z.<\/p>\t\t\t\t\t\t\t\t<\/div>\n\t\t\t\t<\/div>\n\t\t\t\t\t<\/div>\n\t\t<\/div>\n\t\t\t\t\t<\/div>\n\t\t<\/section>\n\t\t\t\t<section class=\"elementor-section elementor-top-section elementor-element elementor-element-f2400c1 elementor-section-boxed elementor-section-height-default elementor-section-height-default\" data-id=\"f2400c1\" data-element_type=\"section\" data-e-type=\"section\">\n\t\t\t\t\t\t<div class=\"elementor-container elementor-column-gap-default\">\n\t\t\t\t\t<div class=\"elementor-column elementor-col-50 elementor-top-column elementor-element elementor-element-7609ad3\" data-id=\"7609ad3\" data-element_type=\"column\" data-e-type=\"column\">\n\t\t\t<div class=\"elementor-widget-wrap elementor-element-populated\">\n\t\t\t\t\t\t<div class=\"elementor-element elementor-element-3dd6d97 elementor-widget elementor-widget-image\" data-id=\"3dd6d97\" data-element_type=\"widget\" data-e-type=\"widget\" data-widget_type=\"image.default\">\n\t\t\t\t<div class=\"elementor-widget-container\">\n\t\t\t\t\t\t\t\t\t\t\t\t\t\t\t<img decoding=\"async\" width=\"1200\" height=\"600\" src=\"https:\/\/www.solarnaelektrana.hr\/wp-content\/uploads\/2023\/01\/SMA-SunnyTripowerSmartEnergy-300dpi-scaled-e1642516900740.jpg\" class=\"attachment-full size-full wp-image-2098\" alt=\"\" srcset=\"https:\/\/www.solarnaelektrana.hr\/wp-content\/uploads\/2023\/01\/SMA-SunnyTripowerSmartEnergy-300dpi-scaled-e1642516900740.jpg 1200w, https:\/\/www.solarnaelektrana.hr\/wp-content\/uploads\/2023\/01\/SMA-SunnyTripowerSmartEnergy-300dpi-scaled-e1642516900740-300x150.jpg 300w, https:\/\/www.solarnaelektrana.hr\/wp-content\/uploads\/2023\/01\/SMA-SunnyTripowerSmartEnergy-300dpi-scaled-e1642516900740-1024x512.jpg 1024w, https:\/\/www.solarnaelektrana.hr\/wp-content\/uploads\/2023\/01\/SMA-SunnyTripowerSmartEnergy-300dpi-scaled-e1642516900740-768x384.jpg 768w\" sizes=\"(max-width: 1200px) 100vw, 1200px\" \/>\t\t\t\t\t\t\t\t\t\t\t\t\t\t\t<\/div>\n\t\t\t\t<\/div>\n\t\t\t\t\t<\/div>\n\t\t<\/div>\n\t\t\t\t<div class=\"elementor-column elementor-col-50 elementor-top-column elementor-element elementor-element-40bfc21\" data-id=\"40bfc21\" data-element_type=\"column\" data-e-type=\"column\">\n\t\t\t<div class=\"elementor-widget-wrap elementor-element-populated\">\n\t\t\t\t\t\t<div class=\"elementor-element elementor-element-7cce840 elementor-widget elementor-widget-heading\" data-id=\"7cce840\" data-element_type=\"widget\" data-e-type=\"widget\" data-widget_type=\"heading.default\">\n\t\t\t\t<div class=\"elementor-widget-container\">\n\t\t\t\t\t<h4 class=\"elementor-heading-title elementor-size-default\">inverter ili izmjenjiva\u010d<\/h4>\t\t\t\t<\/div>\n\t\t\t\t<\/div>\n\t\t\t\t<div class=\"elementor-element elementor-element-18dff64 elementor-widget elementor-widget-text-editor\" data-id=\"18dff64\" data-element_type=\"widget\" data-e-type=\"widget\" data-widget_type=\"text-editor.default\">\n\t\t\t\t<div class=\"elementor-widget-container\">\n\t\t\t\t\t\t\t\t\t<p>Izmjenjiva\u010d je ure\u0111aj koji omogu\u0107ava da se proizvedena elektri\u010dna energija u fotonaponskim modulima \u201eprebaci\u201c u mre\u017eu. Istosmjerni napon i struja fotonaponskog modula u izmjenjiva\u010du se pretvaraju u izmjeni\u010dne veli\u010dine prikladne za priklju\u010dak na distribucijsku mre\u017eu.<\/p>\t\t\t\t\t\t\t\t<\/div>\n\t\t\t\t<\/div>\n\t\t\t\t\t<\/div>\n\t\t<\/div>\n\t\t\t\t\t<\/div>\n\t\t<\/section>\n\t\t\t\t<section class=\"elementor-section elementor-top-section elementor-element elementor-element-85f4037 elementor-section-boxed elementor-section-height-default elementor-section-height-default\" data-id=\"85f4037\" data-element_type=\"section\" data-e-type=\"section\">\n\t\t\t\t\t\t<div class=\"elementor-container elementor-column-gap-default\">\n\t\t\t\t\t<div class=\"elementor-column elementor-col-50 elementor-top-column elementor-element elementor-element-95e56ef\" data-id=\"95e56ef\" data-element_type=\"column\" data-e-type=\"column\">\n\t\t\t<div class=\"elementor-widget-wrap elementor-element-populated\">\n\t\t\t\t\t\t<div class=\"elementor-element elementor-element-5c30029 elementor-widget elementor-widget-image\" data-id=\"5c30029\" data-element_type=\"widget\" data-e-type=\"widget\" data-widget_type=\"image.default\">\n\t\t\t\t<div class=\"elementor-widget-container\">\n\t\t\t\t\t\t\t\t\t\t\t\t\t\t\t<img loading=\"lazy\" decoding=\"async\" width=\"960\" height=\"797\" src=\"https:\/\/www.solarnaelektrana.hr\/wp-content\/uploads\/2023\/01\/Izrezak.jpg\" class=\"attachment-large size-large wp-image-2099\" alt=\"\" srcset=\"https:\/\/www.solarnaelektrana.hr\/wp-content\/uploads\/2023\/01\/Izrezak.jpg 960w, https:\/\/www.solarnaelektrana.hr\/wp-content\/uploads\/2023\/01\/Izrezak-300x249.jpg 300w, https:\/\/www.solarnaelektrana.hr\/wp-content\/uploads\/2023\/01\/Izrezak-768x638.jpg 768w\" sizes=\"(max-width: 960px) 100vw, 960px\" \/>\t\t\t\t\t\t\t\t\t\t\t\t\t\t\t<\/div>\n\t\t\t\t<\/div>\n\t\t\t\t\t<\/div>\n\t\t<\/div>\n\t\t\t\t<div class=\"elementor-column elementor-col-50 elementor-top-column elementor-element elementor-element-1af905a\" data-id=\"1af905a\" data-element_type=\"column\" data-e-type=\"column\">\n\t\t\t<div class=\"elementor-widget-wrap elementor-element-populated\">\n\t\t\t\t\t\t<div class=\"elementor-element elementor-element-b0ccf9e elementor-widget elementor-widget-heading\" data-id=\"b0ccf9e\" data-element_type=\"widget\" data-e-type=\"widget\" data-widget_type=\"heading.default\">\n\t\t\t\t<div class=\"elementor-widget-container\">\n\t\t\t\t\t<h4 class=\"elementor-heading-title elementor-size-default\">monta\u017eni sustav, za\u0161titni ure\u0111aji i ostala oprema<\/h4>\t\t\t\t<\/div>\n\t\t\t\t<\/div>\n\t\t\t\t<div class=\"elementor-element elementor-element-58d939e elementor-widget elementor-widget-text-editor\" data-id=\"58d939e\" data-element_type=\"widget\" data-e-type=\"widget\" data-widget_type=\"text-editor.default\">\n\t\t\t\t<div class=\"elementor-widget-container\">\n\t\t\t\t\t\t\t\t\t<p>Fotonaponski moduli smje\u0161taju se naj\u010de\u0161\u0107e na dva glavna tipa krova: ravni krov i kosi krov. Ovisno o tipu krova\u00a0razlikuje se i pribor za monta\u017eu veli\u010dine prikladne za priklju\u010dak na distribucijsku mre\u017eu. Kablovi sa solarnih panela se spajaju u razvodnoj kutiji u kojoj se stringovi objedinjuju te spajaju sa inverterom, tako\u0111er instalira se za\u0161titna oprema, osigura\u010di i sklopke.<\/p>\t\t\t\t\t\t\t\t<\/div>\n\t\t\t\t<\/div>\n\t\t\t\t\t<\/div>\n\t\t<\/div>\n\t\t\t\t\t<\/div>\n\t\t<\/section>\n\t\t\t\t<section class=\"elementor-section elementor-top-section elementor-element elementor-element-fd32df7 elementor-section-boxed elementor-section-height-default elementor-section-height-default\" data-id=\"fd32df7\" data-element_type=\"section\" data-e-type=\"section\">\n\t\t\t\t\t\t<div class=\"elementor-container elementor-column-gap-default\">\n\t\t\t\t\t<div class=\"elementor-column elementor-col-100 elementor-top-column elementor-element elementor-element-a3393ed\" data-id=\"a3393ed\" data-element_type=\"column\" data-e-type=\"column\">\n\t\t\t<div class=\"elementor-widget-wrap\">\n\t\t\t\t\t\t\t<\/div>\n\t\t<\/div>\n\t\t\t\t\t<\/div>\n\t\t<\/section>\n\t\t\t\t<section class=\"elementor-section elementor-top-section elementor-element elementor-element-68f16f8 elementor-section-boxed elementor-section-height-default elementor-section-height-default\" data-id=\"68f16f8\" data-element_type=\"section\" data-e-type=\"section\">\n\t\t\t\t\t\t<div class=\"elementor-container elementor-column-gap-default\">\n\t\t\t\t\t<div class=\"elementor-column elementor-col-100 elementor-top-column elementor-element elementor-element-d2aaf78\" data-id=\"d2aaf78\" data-element_type=\"column\" data-e-type=\"column\">\n\t\t\t<div class=\"elementor-widget-wrap elementor-element-populated\">\n\t\t\t\t\t\t<div class=\"elementor-element elementor-element-1ab988e elementor-widget elementor-widget-image\" data-id=\"1ab988e\" data-element_type=\"widget\" data-e-type=\"widget\" data-widget_type=\"image.default\">\n\t\t\t\t<div class=\"elementor-widget-container\">\n\t\t\t\t\t\t\t\t\t\t\t\t\t\t\t<img loading=\"lazy\" decoding=\"async\" width=\"991\" height=\"568\" src=\"https:\/\/www.solarnaelektrana.hr\/wp-content\/uploads\/2022\/08\/on-grid.jpg\" class=\"attachment-large size-large wp-image-1553\" alt=\"\" srcset=\"https:\/\/www.solarnaelektrana.hr\/wp-content\/uploads\/2022\/08\/on-grid.jpg 991w, https:\/\/www.solarnaelektrana.hr\/wp-content\/uploads\/2022\/08\/on-grid-300x172.jpg 300w, https:\/\/www.solarnaelektrana.hr\/wp-content\/uploads\/2022\/08\/on-grid-768x440.jpg 768w\" sizes=\"(max-width: 991px) 100vw, 991px\" \/>\t\t\t\t\t\t\t\t\t\t\t\t\t\t\t<\/div>\n\t\t\t\t<\/div>\n\t\t\t\t\t<\/div>\n\t\t<\/div>\n\t\t\t\t\t<\/div>\n\t\t<\/section>\n\t\t\t\t<\/div>\n\t\t","protected":false},"excerpt":{"rendered":"<p>SAZNAJ VI\u0160E solarni MRE\u017dNI SUSTAV Sun\u010deva energija je obnovljiv i neograni\u010den izvor energije. Izravno ili neizravno od sun\u010deve energije potje\u010de najve\u0107i dio drugih\u00a0izvora energije koje koristimo. Kao rezultat globalnog zagrijavanja sun\u010danih sati u na\u0161em podru\u010dju sve je vi\u0161e i vi\u0161e, pa je idealna prilika iskoristiti mogu\u0107nost koju nam sunce nudi.\u00a0Sun\u010devo zra\u010denje se mo\u017ee iskoristiti za &hellip;<\/p>\n<p class=\"read-more\"> <a class=\"\" href=\"https:\/\/www.solarnaelektrana.hr\/?page_id=2006\"> <span class=\"screen-reader-text\">SAZNAJ VISE<\/span> Read More &raquo;<\/a><\/p>\n","protected":false},"author":1,"featured_media":0,"parent":0,"menu_order":0,"comment_status":"closed","ping_status":"closed","template":"","meta":{"_uag_custom_page_level_css":"","_monsterinsights_skip_tracking":false,"_monsterinsights_sitenote_active":false,"_monsterinsights_sitenote_note":"","_monsterinsights_sitenote_category":0,"site-sidebar-layout":"no-sidebar","site-content-layout":"page-builder","ast-global-header-display":"","ast-main-header-display":"","ast-hfb-above-header-display":"","ast-hfb-below-header-display":"","ast-hfb-mobile-header-display":"","site-post-title":"disabled","ast-breadcrumbs-content":"","ast-featured-img":"disabled","footer-sml-layout":"","theme-transparent-header-meta":"","adv-header-id-meta":"","stick-header-meta":"","header-above-stick-meta":"","header-main-stick-meta":"","header-below-stick-meta":"","footnotes":""},"class_list":["post-2006","page","type-page","status-publish","hentry"],"aioseo_notices":[],"uagb_featured_image_src":{"full":false,"thumbnail":false,"medium":false,"medium_large":false,"large":false,"1536x1536":false,"2048x2048":false},"uagb_author_info":{"display_name":"Solea","author_link":"https:\/\/www.solarnaelektrana.hr\/?author=1"},"uagb_comment_info":0,"uagb_excerpt":"SAZNAJ VI\u0160E solarni MRE\u017dNI SUSTAV Sun\u010deva energija je obnovljiv i neograni\u010den izvor energije. Izravno ili neizravno od sun\u010deve energije potje\u010de najve\u0107i dio drugih\u00a0izvora energije koje koristimo. Kao rezultat globalnog zagrijavanja sun\u010danih sati u na\u0161em podru\u010dju sve je vi\u0161e i vi\u0161e, pa je idealna prilika iskoristiti mogu\u0107nost koju nam sunce nudi.\u00a0Sun\u010devo zra\u010denje se mo\u017ee iskoristiti za&hellip;","_links":{"self":[{"href":"https:\/\/www.solarnaelektrana.hr\/index.php?rest_route=\/wp\/v2\/pages\/2006","targetHints":{"allow":["GET"]}}],"collection":[{"href":"https:\/\/www.solarnaelektrana.hr\/index.php?rest_route=\/wp\/v2\/pages"}],"about":[{"href":"https:\/\/www.solarnaelektrana.hr\/index.php?rest_route=\/wp\/v2\/types\/page"}],"author":[{"embeddable":true,"href":"https:\/\/www.solarnaelektrana.hr\/index.php?rest_route=\/wp\/v2\/users\/1"}],"replies":[{"embeddable":true,"href":"https:\/\/www.solarnaelektrana.hr\/index.php?rest_route=%2Fwp%2Fv2%2Fcomments&post=2006"}],"version-history":[{"count":9,"href":"https:\/\/www.solarnaelektrana.hr\/index.php?rest_route=\/wp\/v2\/pages\/2006\/revisions"}],"predecessor-version":[{"id":2102,"href":"https:\/\/www.solarnaelektrana.hr\/index.php?rest_route=\/wp\/v2\/pages\/2006\/revisions\/2102"}],"wp:attachment":[{"href":"https:\/\/www.solarnaelektrana.hr\/index.php?rest_route=%2Fwp%2Fv2%2Fmedia&parent=2006"}],"curies":[{"name":"wp","href":"https:\/\/api.w.org\/{rel}","templated":true}]}}